{"id":1303,"date":"2026-05-09T01:53:53","date_gmt":"2026-05-09T01:53:53","guid":{"rendered":"https:\/\/browseshop.shop\/?post_type=product&#038;p=1303"},"modified":"2026-05-09T01:59:45","modified_gmt":"2026-05-09T01:59:45","slug":"iluminashop-sufitowy-wentylator-z-oswietleniem-led-white-olga-pilot-zdalnego-sterowania-silnik-dc-6-predkosci-cicha-praca-chowane-lopatki-funkcja-lato-zima-timer-regulacja-cct","status":"publish","type":"product","link":"https:\/\/browseshop.shop\/pl\/produkt\/iluminashop-sufitowy-wentylator-z-oswietleniem-led-white-olga-pilot-zdalnego-sterowania-silnik-dc-6-predkosci-cicha-praca-chowane-lopatki-funkcja-lato-zima-timer-regulacja-cct\/","title":{"rendered":"Iluminashop &#8211; Sufitowy wentylator z o\u015bwietleniem LED White Olga, pilot zdalnego sterowania, silnik DC, 6 pr\u0119dko\u015bci, cicha praca, chowane \u0142opatki, funkcja lato-zima, timer, regulacja CCT"},"content":{"rendered":"<div data-elementor-type=\"product-post\" data-elementor-id=\"1303\" class=\"elementor elementor-1303\" data-elementor-post-type=\"product\">\n\t\t\t\t<div class=\"elementor-element elementor-element-7f7bdd8 e-flex e-con-boxed e-con e-parent\" data-id=\"7f7bdd8\" data-element_type=\"container\" data-e-type=\"container\" data-settings=\"{&quot;ekit_has_onepagescroll_dot&quot;:&quot;yes&quot;}\">\n\t\t\t\t\t<div class=\"e-con-inner\">\n\t\t\t\t<div class=\"elementor-element elementor-element-34a553df elementor-widget elementor-widget-heading\" data-id=\"34a553df\" data-element_type=\"widget\" data-e-type=\"widget\" data-settings=\"{&quot;ekit_we_effect_on&quot;:&quot;none&quot;}\" data-widget_type=\"heading.default\">\n\t\t\t\t\t<h1 class=\"elementor-heading-title elementor-size-default\">Descripci\u00f3n del producto<\/h1>\t\t\t\t<\/div>\n\t\t\t\t<div class=\"elementor-element elementor-element-64e94f1 elementor-widget elementor-widget-heading\" data-id=\"64e94f1\" data-element_type=\"widget\" data-e-type=\"widget\" data-settings=\"{&quot;ekit_we_effect_on&quot;:&quot;none&quot;}\" data-widget_type=\"heading.default\">\n\t\t\t\t\t<h5 class=\"elementor-heading-title elementor-size-default\">Ronstead Ventiladores de techo retr\u00e1ctiles con luces y mando a distancia <\/h5>\t\t\t\t<\/div>\n\t\t\t\t\t<\/div>\n\t\t\t\t<\/div>\n\t\t<div class=\"elementor-element elementor-element-e43dbee e-flex e-con-boxed e-con e-parent\" data-id=\"e43dbee\" data-element_type=\"container\" data-e-type=\"container\" data-settings=\"{&quot;ekit_has_onepagescroll_dot&quot;:&quot;yes&quot;}\">\n\t\t\t\t\t<div class=\"e-con-inner\">\n\t\t\t\t<div class=\"elementor-element elementor-element-51fa1efe elementor-widget elementor-widget-image\" data-id=\"51fa1efe\" data-element_type=\"widget\" data-e-type=\"widget\" data-settings=\"{&quot;ekit_we_effect_on&quot;:&quot;none&quot;}\" data-widget_type=\"image.default\">\n\t\t\t\t\t\t\t\t\t\t\t\t\t\t\t<img fetchpriority=\"high\" decoding=\"async\" width=\"1376\" height=\"768\" src=\"https:\/\/browseshop.shop\/wp-content\/uploads\/2026\/05\/generated-image-29.png\" class=\"attachment-full size-full wp-image-964 wvs-archive-product-image\" alt=\"\" srcset=\"https:\/\/browseshop.shop\/wp-content\/uploads\/2026\/05\/generated-image-29.png 1376w, https:\/\/browseshop.shop\/wp-content\/uploads\/2026\/05\/generated-image-29-300x167.png 300w, https:\/\/browseshop.shop\/wp-content\/uploads\/2026\/05\/generated-image-29-1024x572.png 1024w, https:\/\/browseshop.shop\/wp-content\/uploads\/2026\/05\/generated-image-29-768x429.png 768w, https:\/\/browseshop.shop\/wp-content\/uploads\/2026\/05\/generated-image-29-18x10.png 18w, https:\/\/browseshop.shop\/wp-content\/uploads\/2026\/05\/generated-image-29-600x335.png 600w\" sizes=\"(max-width: 1376px) 100vw, 1376px\" \/>\t\t\t\t\t\t\t\t\t\t\t\t\t\t\t<\/div>\n\t\t\t\t\t<\/div>\n\t\t\t\t<\/div>\n\t\t<div class=\"elementor-element elementor-element-1fb47d04 e-grid e-con-boxed e-con e-parent\" data-id=\"1fb47d04\" data-element_type=\"container\" data-e-type=\"container\" data-settings=\"{&quot;ekit_has_onepagescroll_dot&quot;:&quot;yes&quot;}\">\n\t\t\t\t\t<div class=\"e-con-inner\">\n\t\t\t\t<div class=\"elementor-element elementor-element-7f16163e elementor-position-top elementor-widget elementor-widget-image-box\" data-id=\"7f16163e\" data-element_type=\"widget\" data-e-type=\"widget\" data-settings=\"{&quot;ekit_we_effect_on&quot;:&quot;none&quot;}\" data-widget_type=\"image-box.default\">\n\t\t\t\t\t<div class=\"elementor-image-box-wrapper\"><figure class=\"elementor-image-box-img\"><img decoding=\"async\" width=\"1024\" height=\"1024\" src=\"https:\/\/browseshop.shop\/wp-content\/uploads\/2026\/05\/generated-image-31.png\" class=\"attachment-full size-full wp-image-965 wvs-archive-product-image\" alt=\"\" srcset=\"https:\/\/browseshop.shop\/wp-content\/uploads\/2026\/05\/generated-image-31.png 1024w, https:\/\/browseshop.shop\/wp-content\/uploads\/2026\/05\/generated-image-31-300x300.png 300w, https:\/\/browseshop.shop\/wp-content\/uploads\/2026\/05\/generated-image-31-150x150.png 150w, https:\/\/browseshop.shop\/wp-content\/uploads\/2026\/05\/generated-image-31-768x768.png 768w, https:\/\/browseshop.shop\/wp-content\/uploads\/2026\/05\/generated-image-31-12x12.png 12w, https:\/\/browseshop.shop\/wp-content\/uploads\/2026\/05\/generated-image-31-600x600.png 600w, https:\/\/browseshop.shop\/wp-content\/uploads\/2026\/05\/generated-image-31-100x100.png 100w, https:\/\/browseshop.shop\/wp-content\/uploads\/2026\/05\/generated-image-31-50x50.png 50w\" sizes=\"(max-width: 1024px) 100vw, 1024px\" \/><\/figure><div class=\"elementor-image-box-content\"><h4 class=\"elementor-image-box-title\">Wentylator sufitowy z chowanymi, ukrytymi \u0142opatkami<\/h4><p class=\"elementor-image-box-description\">Gdy wentylator jest wy\u0142\u0105czony, \u0142opatki ca\u0142kowicie si\u0119 chowaj\u0105, pozostawiaj\u0105c wy\u0142\u0105cznie nowoczesn\u0105, schludn\u0105 lamp\u0119 sufitow\u0105. \u017badnych widocznych \u0142opatek wentylatora<\/p><\/div><\/div>\t\t\t\t<\/div>\n\t\t\t\t<div class=\"elementor-element elementor-element-57b54a35 elementor-position-top elementor-widget elementor-widget-image-box\" data-id=\"57b54a35\" data-element_type=\"widget\" data-e-type=\"widget\" data-settings=\"{&quot;ekit_we_effect_on&quot;:&quot;none&quot;}\" data-widget_type=\"image-box.default\">\n\t\t\t\t\t<div class=\"elementor-image-box-wrapper\"><figure class=\"elementor-image-box-img\"><img decoding=\"async\" width=\"1024\" height=\"1024\" src=\"https:\/\/browseshop.shop\/wp-content\/uploads\/2026\/05\/generated-image-32.png\" class=\"attachment-full size-full wp-image-966 wvs-archive-product-image\" alt=\"\" srcset=\"https:\/\/browseshop.shop\/wp-content\/uploads\/2026\/05\/generated-image-32.png 1024w, https:\/\/browseshop.shop\/wp-content\/uploads\/2026\/05\/generated-image-32-300x300.png 300w, https:\/\/browseshop.shop\/wp-content\/uploads\/2026\/05\/generated-image-32-150x150.png 150w, https:\/\/browseshop.shop\/wp-content\/uploads\/2026\/05\/generated-image-32-768x768.png 768w, https:\/\/browseshop.shop\/wp-content\/uploads\/2026\/05\/generated-image-32-12x12.png 12w, https:\/\/browseshop.shop\/wp-content\/uploads\/2026\/05\/generated-image-32-600x600.png 600w, https:\/\/browseshop.shop\/wp-content\/uploads\/2026\/05\/generated-image-32-100x100.png 100w, https:\/\/browseshop.shop\/wp-content\/uploads\/2026\/05\/generated-image-32-50x50.png 50w\" sizes=\"(max-width: 1024px) 100vw, 1024px\" \/><\/figure><div class=\"elementor-image-box-content\"><h4 class=\"elementor-image-box-title\">Wykonany z my\u015bl\u0105 o d\u0142ugoletniej eksploatacji<\/h4><p class=\"elementor-image-box-description\">Dzi\u0119ki \u017cywotno\u015bci wynosz\u0105cej 15 000 godzin po\u017cegnaj si\u0119 z cz\u0119stymi wymianami urz\u0105dzenia i ciesz si\u0119 pe\u0142nym spokojem podczas u\u017cytkowania.<\/p><\/div><\/div>\t\t\t\t<\/div>\n\t\t\t\t<div class=\"elementor-element elementor-element-7ffe458 elementor-position-top elementor-widget elementor-widget-image-box\" data-id=\"7ffe458\" data-element_type=\"widget\" data-e-type=\"widget\" data-settings=\"{&quot;ekit_we_effect_on&quot;:&quot;none&quot;}\" data-widget_type=\"image-box.default\">\n\t\t\t\t\t<div class=\"elementor-image-box-wrapper\"><figure class=\"elementor-image-box-img\"><img loading=\"lazy\" decoding=\"async\" width=\"1024\" height=\"1024\" src=\"https:\/\/browseshop.shop\/wp-content\/uploads\/2026\/05\/\u672a\u547d\u540d.jpg\" class=\"attachment-full size-full wp-image-967 wvs-archive-product-image\" alt=\"\" srcset=\"https:\/\/browseshop.shop\/wp-content\/uploads\/2026\/05\/\u672a\u547d\u540d.jpg 1024w, https:\/\/browseshop.shop\/wp-content\/uploads\/2026\/05\/\u672a\u547d\u540d-300x300.jpg 300w, https:\/\/browseshop.shop\/wp-content\/uploads\/2026\/05\/\u672a\u547d\u540d-150x150.jpg 150w, https:\/\/browseshop.shop\/wp-content\/uploads\/2026\/05\/\u672a\u547d\u540d-768x768.jpg 768w, https:\/\/browseshop.shop\/wp-content\/uploads\/2026\/05\/\u672a\u547d\u540d-12x12.jpg 12w, https:\/\/browseshop.shop\/wp-content\/uploads\/2026\/05\/\u672a\u547d\u540d-600x600.jpg 600w, https:\/\/browseshop.shop\/wp-content\/uploads\/2026\/05\/\u672a\u547d\u540d-100x100.jpg 100w, https:\/\/browseshop.shop\/wp-content\/uploads\/2026\/05\/\u672a\u547d\u540d-50x50.jpg 50w\" sizes=\"(max-width: 1024px) 100vw, 1024px\" \/><\/figure><div class=\"elementor-image-box-content\"><h4 class=\"elementor-image-box-title\">Cicha praca dla pe\u0142nej koncentracji<\/h4><p class=\"elementor-image-box-description\">Zaprojektowany tak, by zachwyca\u0107 wygl\u0105dem, a nie przeszkadza\u0107 ha\u0142asem. Nasz silnik DC gwarantuje ca\u0142kowicie ciche \u015brodowisko, idealne do skupionej, g\u0142\u0119bokiej pracy.<\/p><\/div><\/div>\t\t\t\t<\/div>\n\t\t\t\t\t<\/div>\n\t\t\t\t<\/div>\n\t\t<div class=\"elementor-element elementor-element-2fca906f e-flex e-con-boxed e-con e-parent\" data-id=\"2fca906f\" data-element_type=\"container\" data-e-type=\"container\" data-settings=\"{&quot;ekit_has_onepagescroll_dot&quot;:&quot;yes&quot;}\">\n\t\t\t\t\t<div class=\"e-con-inner\">\n\t\t\t\t<div class=\"elementor-element elementor-element-c4f5372 elementor-widget elementor-widget-heading\" data-id=\"c4f5372\" data-element_type=\"widget\" data-e-type=\"widget\" data-settings=\"{&quot;ekit_we_effect_on&quot;:&quot;none&quot;}\" data-widget_type=\"heading.default\">\n\t\t\t\t\t<h2 class=\"elementor-heading-title elementor-size-default\">O\u015bwietlenie LED z regulacj\u0105 jasno\u015bci<\/h2>\t\t\t\t<\/div>\n\t\t\t\t<div class=\"elementor-element elementor-element-479a0685 elementor-widget elementor-widget-image\" data-id=\"479a0685\" data-element_type=\"widget\" data-e-type=\"widget\" data-settings=\"{&quot;ekit_we_effect_on&quot;:&quot;none&quot;}\" data-widget_type=\"image.default\">\n\t\t\t\t\t\t\t\t\t\t\t\t\t\t\t<img loading=\"lazy\" decoding=\"async\" width=\"1376\" height=\"768\" src=\"https:\/\/browseshop.shop\/wp-content\/uploads\/2026\/05\/generated-image-10.png\" class=\"attachment-full size-full wp-image-968 wvs-archive-product-image\" alt=\"\" srcset=\"https:\/\/browseshop.shop\/wp-content\/uploads\/2026\/05\/generated-image-10.png 1376w, https:\/\/browseshop.shop\/wp-content\/uploads\/2026\/05\/generated-image-10-300x167.png 300w, https:\/\/browseshop.shop\/wp-content\/uploads\/2026\/05\/generated-image-10-1024x572.png 1024w, https:\/\/browseshop.shop\/wp-content\/uploads\/2026\/05\/generated-image-10-768x429.png 768w, https:\/\/browseshop.shop\/wp-content\/uploads\/2026\/05\/generated-image-10-18x10.png 18w, https:\/\/browseshop.shop\/wp-content\/uploads\/2026\/05\/generated-image-10-600x335.png 600w\" sizes=\"(max-width: 1376px) 100vw, 1376px\" \/>\t\t\t\t\t\t\t\t\t\t\t\t\t\t\t<\/div>\n\t\t\t\t<div class=\"elementor-element elementor-element-a3813ec elementor-widget elementor-widget-image\" data-id=\"a3813ec\" data-element_type=\"widget\" data-e-type=\"widget\" data-settings=\"{&quot;ekit_we_effect_on&quot;:&quot;none&quot;}\" data-widget_type=\"image.default\">\n\t\t\t\t\t\t\t\t\t\t\t\t\t\t\t<img loading=\"lazy\" decoding=\"async\" width=\"1376\" height=\"768\" src=\"https:\/\/browseshop.shop\/wp-content\/uploads\/2026\/05\/generated-image-9.png\" class=\"attachment-full size-full wp-image-969 wvs-archive-product-image\" alt=\"\" srcset=\"https:\/\/browseshop.shop\/wp-content\/uploads\/2026\/05\/generated-image-9.png 1376w, https:\/\/browseshop.shop\/wp-content\/uploads\/2026\/05\/generated-image-9-300x167.png 300w, https:\/\/browseshop.shop\/wp-content\/uploads\/2026\/05\/generated-image-9-1024x572.png 1024w, https:\/\/browseshop.shop\/wp-content\/uploads\/2026\/05\/generated-image-9-768x429.png 768w, https:\/\/browseshop.shop\/wp-content\/uploads\/2026\/05\/generated-image-9-18x10.png 18w, https:\/\/browseshop.shop\/wp-content\/uploads\/2026\/05\/generated-image-9-600x335.png 600w\" sizes=\"(max-width: 1376px) 100vw, 1376px\" \/>\t\t\t\t\t\t\t\t\t\t\t\t\t\t\t<\/div>\n\t\t\t\t<div class=\"elementor-element elementor-element-7a582245 elementor-widget elementor-widget-image\" data-id=\"7a582245\" data-element_type=\"widget\" data-e-type=\"widget\" data-settings=\"{&quot;ekit_we_effect_on&quot;:&quot;none&quot;}\" data-widget_type=\"image.default\">\n\t\t\t\t\t\t\t\t\t\t\t\t\t\t\t<img loading=\"lazy\" decoding=\"async\" width=\"1376\" height=\"768\" src=\"https:\/\/browseshop.shop\/wp-content\/uploads\/2026\/05\/generated-image-33.png\" class=\"attachment-full size-full wp-image-970 wvs-archive-product-image\" alt=\"\" srcset=\"https:\/\/browseshop.shop\/wp-content\/uploads\/2026\/05\/generated-image-33.png 1376w, https:\/\/browseshop.shop\/wp-content\/uploads\/2026\/05\/generated-image-33-300x167.png 300w, https:\/\/browseshop.shop\/wp-content\/uploads\/2026\/05\/generated-image-33-1024x572.png 1024w, https:\/\/browseshop.shop\/wp-content\/uploads\/2026\/05\/generated-image-33-768x429.png 768w, https:\/\/browseshop.shop\/wp-content\/uploads\/2026\/05\/generated-image-33-18x10.png 18w, https:\/\/browseshop.shop\/wp-content\/uploads\/2026\/05\/generated-image-33-600x335.png 600w\" sizes=\"(max-width: 1376px) 100vw, 1376px\" \/>\t\t\t\t\t\t\t\t\t\t\t\t\t\t\t<\/div>\n\t\t\t\t<div class=\"elementor-element elementor-element-3d0b1748 elementor-widget elementor-widget-image\" data-id=\"3d0b1748\" data-element_type=\"widget\" data-e-type=\"widget\" data-settings=\"{&quot;ekit_we_effect_on&quot;:&quot;none&quot;}\" data-widget_type=\"image.default\">\n\t\t\t\t\t\t\t\t\t\t\t\t\t\t\t<img loading=\"lazy\" decoding=\"async\" width=\"1376\" height=\"768\" src=\"https:\/\/browseshop.shop\/wp-content\/uploads\/2026\/05\/generated-image-30.png\" class=\"attachment-full size-full wp-image-971 wvs-archive-product-image\" alt=\"\" srcset=\"https:\/\/browseshop.shop\/wp-content\/uploads\/2026\/05\/generated-image-30.png 1376w, https:\/\/browseshop.shop\/wp-content\/uploads\/2026\/05\/generated-image-30-300x167.png 300w, https:\/\/browseshop.shop\/wp-content\/uploads\/2026\/05\/generated-image-30-1024x572.png 1024w, https:\/\/browseshop.shop\/wp-content\/uploads\/2026\/05\/generated-image-30-768x429.png 768w, https:\/\/browseshop.shop\/wp-content\/uploads\/2026\/05\/generated-image-30-18x10.png 18w, https:\/\/browseshop.shop\/wp-content\/uploads\/2026\/05\/generated-image-30-600x335.png 600w\" sizes=\"(max-width: 1376px) 100vw, 1376px\" \/>\t\t\t\t\t\t\t\t\t\t\t\t\t\t\t<\/div>\n\t\t\t\t\t<\/div>\n\t\t\t\t<\/div>\n\t\t<div class=\"elementor-element elementor-element-30f7bbf8 e-flex e-con-boxed e-con e-parent\" data-id=\"30f7bbf8\" data-element_type=\"container\" data-e-type=\"container\" data-settings=\"{&quot;ekit_has_onepagescroll_dot&quot;:&quot;yes&quot;}\">\n\t\t\t\t\t<div class=\"e-con-inner\">\n\t\t\t\t<div class=\"elementor-element elementor-element-2ff05de8 elementor-widget elementor-widget-text-editor\" data-id=\"2ff05de8\" data-element_type=\"widget\" data-e-type=\"widget\" data-settings=\"{&quot;ekit_we_effect_on&quot;:&quot;none&quot;}\" data-widget_type=\"text-editor.default\">\n\t\t\t\t\t\t\t\t\t&nbsp;\n<div style=\"max-width: 800px; margin: 40px auto; padding: 20px; background-color: #ffffff; border-radius: 8px; box-shadow: 0 4px 15px rgba(0,0,0,0.05);\">\n<h2 style=\"text-align: center; color: #004a99; margin-bottom: 30px; font-size: 28px; border-bottom: 2px solid #eef2f6; padding-bottom: 15px;\">Cz\u0119sto Zadawane Pytania (FAQ)<\/h2>\n<!-- FAQ Item 1 -->\n\n<details style=\"margin-bottom: 15px; border: 1px solid #eef2f6; border-radius: 6px; overflow: hidden;\" open=\"\"><summary style=\"padding: 15px; background-color: #f8fbff; font-weight: 600; cursor: pointer; list-style: none; display: flex; justify-content: space-between; align-items: center; color: #004a99;\">1. Czy wentylator pracuje cicho? Czy nadaje si\u0119 do sypialni?\n<span style=\"font-size: 12px;\">\u25bc<\/span><\/summary>\n<div style=\"padding: 15px; line-height: 1.6; background-color: #fff; border-top: 1px solid #eef2f6;\">Tak! Nasz wentylator wyposa\u017cony jest w nowoczesny, miedziany silnik bezszczotkowy, kt\u00f3ry zapewnia ultra-cich\u0105 prac\u0119 (poni\u017cej 35dB). Jest to idealne rozwi\u0105zanie do sypialni oraz pokoj\u00f3w dzieci\u0119cych, zapewniaj\u0105c komfortowy sen bez uci\u0105\u017cliwego szumu.<\/div>\n<\/details><!-- FAQ Item 2 -->\n\n<details style=\"margin-bottom: 15px; border: 1px solid #eef2f6; border-radius: 6px; overflow: hidden;\"><summary style=\"padding: 15px; background-color: #f8fbff; font-weight: 600; cursor: pointer; list-style: none; display: flex; justify-content: space-between; align-items: center; color: #004a99;\">2. Jak dzia\u0142aj\u0105 &#8220;ukryte&#8221; skrzyd\u0142a wentylatora?\n<span style=\"font-size: 12px;\">\u25bc<\/span><\/summary>\n<div style=\"padding: 15px; line-height: 1.6; background-color: #fff; border-top: 1px solid #eef2f6;\">Zastosowali\u015bmy innowacyjn\u0105 technologi\u0119 chowanych \u0142opatek. Gdy wentylator jest wy\u0142\u0105czony, przezroczyste skrzyd\u0142a automatycznie sk\u0142adaj\u0105 si\u0119 nad kloszem, dzi\u0119ki czemu urz\u0105dzenie wygl\u0105da jak elegancka, nowoczesna lampa sufitowa. Po w\u0142\u0105czeniu, si\u0142a od\u015brodkowa p\u0142ynnie je rozk\u0142ada.<\/div>\n<\/details><!-- FAQ Item 3 -->\n\n<details style=\"margin-bottom: 15px; border: 1px solid #eef2f6; border-radius: 6px; overflow: hidden;\"><summary style=\"padding: 15px; background-color: #f8fbff; font-weight: 600; cursor: pointer; list-style: none; display: flex; justify-content: space-between; align-items: center; color: #004a99;\">3. Czy barw\u0119 i jasno\u015b\u0107 \u015bwiat\u0142a LED mo\u017cna regulowa\u0107?\n<span style=\"font-size: 12px;\">\u25bc<\/span><\/summary>\n<div style=\"padding: 15px; line-height: 1.6; background-color: #fff; border-top: 1px solid #eef2f6;\">Oczywi\u015bcie. Za pomoc\u0105 do\u0142\u0105czonego pilota mo\u017cesz prze\u0142\u0105cza\u0107 mi\u0119dzy trzema barwami \u015bwiat\u0142a: <strong>Ciep\u0142\u0105<\/strong> (nastrojow\u0105), <strong>Neutraln\u0105<\/strong> (dzienn\u0105) oraz <strong>Zimn\u0105<\/strong> (idealn\u0105 do pracy). System LED jest energooszcz\u0119dny i posiada wysok\u0105 \u017cywotno\u015b\u0107.<\/div>\n<\/details><!-- FAQ Item 4 -->\n\n<details style=\"margin-bottom: 15px; border: 1px solid #eef2f6; border-radius: 6px; overflow: hidden;\"><summary style=\"padding: 15px; background-color: #f8fbff; font-weight: 600; cursor: pointer; list-style: none; display: flex; justify-content: space-between; align-items: center; color: #004a99;\">4. Jakie funkcje posiada pilot zdalnego sterowania?\n<span style=\"font-size: 12px;\">\u25bc<\/span><\/summary>\n<div style=\"padding: 15px; line-height: 1.6; background-color: #fff; border-top: 1px solid #eef2f6;\">Pilot umo\u017cliwia pe\u0142n\u0105 kontrol\u0119 nad urz\u0105dzeniem: w\u0142\u0105czanie\/wy\u0142\u0105czanie \u015bwiat\u0142a i wentylatora, wyb\u00f3r 3 lub 6 pr\u0119dko\u015bci nawiewu, zmian\u0119 barwy \u015bwiat\u0142a oraz ustawienie Timera (automatyczne wy\u0142\u0105czenie po 1, 2 lub 4 godzinach).<\/div>\n<\/details><!-- FAQ Item 5 -->\n\n<details style=\"margin-bottom: 15px; border: 1px solid #eef2f6; border-radius: 6px; overflow: hidden;\"><summary style=\"padding: 15px; background-color: #f8fbff; font-weight: 600; cursor: pointer; list-style: none; display: flex; justify-content: space-between; align-items: center; color: #004a99;\">5. Czy monta\u017c wentylatora jest skomplikowany?\n<span style=\"font-size: 12px;\">\u25bc<\/span><\/summary>\n<div style=\"padding: 15px; line-height: 1.6; background-color: #fff; border-top: 1px solid #eef2f6;\">Monta\u017c jest zbli\u017cony do instalacji standardowego \u017cyrandola. W zestawie znajduje si\u0119 szczeg\u00f3\u0142owa instrukcja w j\u0119zyku polskim oraz komplet akcesori\u00f3w monta\u017cowych. Zalecamy monta\u017c na suficie o no\u015bno\u015bci min. 30kg. W zestawie dostarczamy dwa dr\u0105\u017cki przed\u0142u\u017caj\u0105ce (kr\u00f3tki i d\u0142ugi), aby dopasowa\u0107 wysoko\u015b\u0107 do pomieszczenia.<\/div>\n<\/details><!-- FAQ Item 6 -->\n\n<details style=\"margin-bottom: 15px; border: 1px solid #eef2f6; border-radius: 6px; overflow: hidden;\"><summary style=\"padding: 15px; background-color: #f8fbff; font-weight: 600; cursor: pointer; list-style: none; display: flex; justify-content: space-between; align-items: center; color: #004a99;\">6. Jak dba\u0107 o czysto\u015b\u0107 urz\u0105dzenia?\n<span style=\"font-size: 12px;\">\u25bc<\/span><\/summary>\n<div style=\"padding: 15px; line-height: 1.6; background-color: #fff; border-top: 1px solid #eef2f6;\">Dzi\u0119ki chowanym \u0142opatkom, osiadanie kurzu na skrzyd\u0142ach jest znacznie ograniczone w por\u00f3wnaniu do tradycyjnych wentylator\u00f3w. Klosz i obudow\u0119 wystarczy przetrze\u0107 such\u0105 lub lekko wilgotn\u0105 \u015bciereczk\u0105 z mikrofibry.<\/div>\n<\/details>\n<p style=\"text-align: center; font-size: 14px; color: #888; margin-top: 25px;\">Masz wi\u0119cej pyta\u0144? Skontaktuj si\u0119 z naszym dzia\u0142em obs\u0142ugi klienta!<\/p>\n\n<\/div>\n&nbsp;\t\t\t\t\t\t\t\t<\/div>\n\t\t\t\t\t<\/div>\n\t\t\t\t<\/div>\n\t\t\t\t<\/div>","protected":false},"excerpt":{"rendered":"<p>Descripci\u00f3n del producto Ronstead Ventiladores de techo retr\u00e1ctiles con luces y mando a distancia Wentylator sufitowy z chowanymi, ukrytymi \u0142opatkami Gdy wentylator jest wy\u0142\u0105czony, \u0142opatki ca\u0142kowicie si\u0119 chowaj\u0105, pozostawiaj\u0105c wy\u0142\u0105cznie nowoczesn\u0105, schludn\u0105 lamp\u0119 sufitow\u0105. \u017badnych widocznych \u0142opatek wentylatora Wykonany z my\u015bl\u0105 o d\u0142ugoletniej eksploatacji Dzi\u0119ki \u017cywotno\u015bci wynosz\u0105cej 15 000 godzin po\u017cegnaj si\u0119 z cz\u0119stymi wymianami [&hellip;]<\/p>\n","protected":false},"featured_media":962,"comment_status":"open","ping_status":"closed","template":"","meta":{"_acf_changed":false},"product_brand":[],"product_cat":[47,53],"product_tag":[],"class_list":{"0":"post-1303","1":"product","2":"type-product","3":"status-publish","4":"has-post-thumbnail","6":"product_cat-electronics","7":"product_cat-new-in","9":"first","10":"instock","11":"sale","12":"shipping-taxable","13":"purchasable","14":"product-type-simple"},"acf":[],"_links":{"self":[{"href":"https:\/\/browseshop.shop\/pl\/wp-json\/wp\/v2\/product\/1303","targetHints":{"allow":["GET"]}}],"collection":[{"href":"https:\/\/browseshop.shop\/pl\/wp-json\/wp\/v2\/product"}],"about":[{"href":"https:\/\/browseshop.shop\/pl\/wp-json\/wp\/v2\/types\/product"}],"replies":[{"embeddable":true,"href":"https:\/\/browseshop.shop\/pl\/wp-json\/wp\/v2\/comments?post=1303"}],"version-history":[{"count":8,"href":"https:\/\/browseshop.shop\/pl\/wp-json\/wp\/v2\/product\/1303\/revisions"}],"predecessor-version":[{"id":1328,"href":"https:\/\/browseshop.shop\/pl\/wp-json\/wp\/v2\/product\/1303\/revisions\/1328"}],"wp:featuredmedia":[{"embeddable":true,"href":"https:\/\/browseshop.shop\/pl\/wp-json\/wp\/v2\/media\/962"}],"wp:attachment":[{"href":"https:\/\/browseshop.shop\/pl\/wp-json\/wp\/v2\/media?parent=1303"}],"wp:term":[{"taxonomy":"product_brand","embeddable":true,"href":"https:\/\/browseshop.shop\/pl\/wp-json\/wp\/v2\/product_brand?post=1303"},{"taxonomy":"product_cat","embeddable":true,"href":"https:\/\/browseshop.shop\/pl\/wp-json\/wp\/v2\/product_cat?post=1303"},{"taxonomy":"product_tag","embeddable":true,"href":"https:\/\/browseshop.shop\/pl\/wp-json\/wp\/v2\/product_tag?post=1303"}],"curies":[{"name":"wp","href":"https:\/\/api.w.org\/{rel}","templated":true}]}}